{"id":1211,"date":"2022-01-03T13:32:54","date_gmt":"2022-01-03T13:32:54","guid":{"rendered":"https:\/\/mielnik.info\/main\/?page_id=1211"},"modified":"2024-01-04T11:19:58","modified_gmt":"2024-01-04T11:19:58","slug":"uebungsaufgaben-offline","status":"publish","type":"page","link":"https:\/\/mielnik.info\/main\/index.php\/uebungsaufgaben-offline\/","title":{"rendered":"\u00dcbungsaufgaben (Offline)"},"content":{"rendered":"\t\t<div data-elementor-type=\"wp-page\" data-elementor-id=\"1211\" class=\"elementor elementor-1211\">\n\t\t\t\t\t\t<section class=\"elementor-section elementor-top-section elementor-element elementor-element-d0d6577 elementor-section-boxed elementor-section-height-default elementor-section-height-default\" data-id=\"d0d6577\" data-element_type=\"section\" data-e-type=\"section\">\n\t\t\t\t\t\t<div class=\"elementor-container elementor-column-gap-default\">\n\t\t\t\t\t<div class=\"elementor-column elementor-col-100 elementor-top-column elementor-element elementor-element-e8a7cb5\" data-id=\"e8a7cb5\" data-element_type=\"column\" data-e-type=\"column\">\n\t\t\t<div class=\"elementor-widget-wrap elementor-element-populated\">\n\t\t\t\t\t\t<section class=\"elementor-section elementor-inner-section elementor-element elementor-element-4600f3d elementor-section-boxed elementor-section-height-default elementor-section-height-default\" data-id=\"4600f3d\" data-element_type=\"section\" data-e-type=\"section\">\n\t\t\t\t\t\t<div class=\"elementor-container elementor-column-gap-default\">\n\t\t\t\t\t<div class=\"elementor-column elementor-col-50 elementor-inner-column elementor-element elementor-element-d58657a\" data-id=\"d58657a\" data-element_type=\"column\" data-e-type=\"column\">\n\t\t\t<div class=\"elementor-widget-wrap elementor-element-populated\">\n\t\t\t\t\t\t<div class=\"elementor-element elementor-element-d06c250 elementor-widget elementor-widget-image\" data-id=\"d06c250\" data-element_type=\"widget\" data-e-type=\"widget\" data-widget_type=\"image.default\">\n\t\t\t\t<div class=\"elementor-widget-container\">\n\t\t\t\t\t\t\t\t\t\t\t\t\t\t\t<img fetchpriority=\"high\" decoding=\"async\" width=\"300\" height=\"257\" src=\"https:\/\/mielnik.info\/main\/wp-content\/uploads\/2022\/01\/BWH-Workbook-300x257.jpg\" class=\"attachment-medium size-medium wp-image-1239\" alt=\"\" srcset=\"https:\/\/mielnik.info\/main\/wp-content\/uploads\/2022\/01\/BWH-Workbook-300x257.jpg 300w, https:\/\/mielnik.info\/main\/wp-content\/uploads\/2022\/01\/BWH-Workbook-1024x876.jpg 1024w, https:\/\/mielnik.info\/main\/wp-content\/uploads\/2022\/01\/BWH-Workbook-768x657.jpg 768w, https:\/\/mielnik.info\/main\/wp-content\/uploads\/2022\/01\/BWH-Workbook.jpg 1079w\" sizes=\"(max-width: 300px) 100vw, 300px\" \/>\t\t\t\t\t\t\t\t\t\t\t\t\t\t\t<\/div>\n\t\t\t\t<\/div>\n\t\t\t\t\t<\/div>\n\t\t<\/div>\n\t\t\t\t<div class=\"elementor-column elementor-col-50 elementor-inner-column elementor-element elementor-element-9c3bd69\" data-id=\"9c3bd69\" data-element_type=\"column\" data-e-type=\"column\">\n\t\t\t<div class=\"elementor-widget-wrap elementor-element-populated\">\n\t\t\t\t\t\t<div class=\"elementor-element elementor-element-51eb190 elementor-widget elementor-widget-text-editor\" data-id=\"51eb190\" data-element_type=\"widget\" data-e-type=\"widget\" data-widget_type=\"text-editor.default\">\n\t\t\t\t<div class=\"elementor-widget-container\">\n\t\t\t\t\t\t\t\t\t<p>Erg\u00e4nzend zu den bekannten Lehrb\u00fcchern und passendem Arbeitsheft bietet <strong>dieses \u00dcbungsbuch<\/strong> eine Vielzahl programmierter Aufgaben und L\u00f6sungen, die den Inhalten zur BWH Pr\u00fcfung der Industriemeister abgestimmt sind.<\/p>\t\t\t\t\t\t\t\t<\/div>\n\t\t\t\t<\/div>\n\t\t\t\t\t<\/div>\n\t\t<\/div>\n\t\t\t\t\t<\/div>\n\t\t<\/section>\n\t\t\t\t<section class=\"elementor-section elementor-inner-section elementor-element elementor-element-69f3523 elementor-section-boxed elementor-section-height-default elementor-section-height-default\" data-id=\"69f3523\" data-element_type=\"section\" data-e-type=\"section\">\n\t\t\t\t\t\t<div class=\"elementor-container elementor-column-gap-default\">\n\t\t\t\t\t<div class=\"elementor-column elementor-col-50 elementor-inner-column elementor-element elementor-element-18e9468\" data-id=\"18e9468\" data-element_type=\"column\" data-e-type=\"column\">\n\t\t\t<div class=\"elementor-widget-wrap elementor-element-populated\">\n\t\t\t\t\t\t<div class=\"elementor-element elementor-element-8c961da elementor-widget elementor-widget-text-editor\" data-id=\"8c961da\" data-element_type=\"widget\" data-e-type=\"widget\" data-widget_type=\"text-editor.default\">\n\t\t\t\t<div class=\"elementor-widget-container\">\n\t\t\t\t\t\t\t\t\t<p>Erg\u00e4nzend zu den bekannten Lehrb\u00fcchern und passendem Arbeitsheft bietet <strong>dieses \u00dcbungsbuch<\/strong> eine Vielzahl programmierter Aufgaben und L\u00f6sungen, die den Inhalten zur BQ-Pr\u00fcfung der Wirtschaftsfachwirte abgestimmt sind.<\/p>\t\t\t\t\t\t\t\t<\/div>\n\t\t\t\t<\/div>\n\t\t\t\t\t<\/div>\n\t\t<\/div>\n\t\t\t\t<div class=\"elementor-column elementor-col-50 elementor-inner-column elementor-element elementor-element-536ea79\" data-id=\"536ea79\" data-element_type=\"column\" data-e-type=\"column\">\n\t\t\t<div class=\"elementor-widget-wrap elementor-element-populated\">\n\t\t\t\t\t\t<div class=\"elementor-element elementor-element-9161609 elementor-widget elementor-widget-image\" data-id=\"9161609\" data-element_type=\"widget\" data-e-type=\"widget\" data-widget_type=\"image.default\">\n\t\t\t\t<div class=\"elementor-widget-container\">\n\t\t\t\t\t\t\t\t\t\t\t\t\t\t\t<img decoding=\"async\" width=\"300\" height=\"242\" src=\"https:\/\/mielnik.info\/main\/wp-content\/uploads\/2022\/01\/REWE-Workbook-300x242.jpg\" class=\"attachment-medium size-medium wp-image-1240\" alt=\"\" srcset=\"https:\/\/mielnik.info\/main\/wp-content\/uploads\/2022\/01\/REWE-Workbook-300x242.jpg 300w, https:\/\/mielnik.info\/main\/wp-content\/uploads\/2022\/01\/REWE-Workbook-1024x824.jpg 1024w, https:\/\/mielnik.info\/main\/wp-content\/uploads\/2022\/01\/REWE-Workbook-768x618.jpg 768w, https:\/\/mielnik.info\/main\/wp-content\/uploads\/2022\/01\/REWE-Workbook.jpg 1242w\" sizes=\"(max-width: 300px) 100vw, 300px\" \/>\t\t\t\t\t\t\t\t\t\t\t\t\t\t\t<\/div>\n\t\t\t\t<\/div>\n\t\t\t\t\t<\/div>\n\t\t<\/div>\n\t\t\t\t\t<\/div>\n\t\t<\/section>\n\t\t\t\t<section class=\"elementor-section elementor-inner-section elementor-element elementor-element-11b3ee6 elementor-section-boxed elementor-section-height-default elementor-section-height-default\" data-id=\"11b3ee6\" data-element_type=\"section\" data-e-type=\"section\">\n\t\t\t\t\t\t<div class=\"elementor-container elementor-column-gap-default\">\n\t\t\t\t\t<div class=\"elementor-column elementor-col-50 elementor-inner-column elementor-element elementor-element-9c08308\" data-id=\"9c08308\" data-element_type=\"column\" data-e-type=\"column\">\n\t\t\t<div class=\"elementor-widget-wrap elementor-element-populated\">\n\t\t\t\t\t\t<div class=\"elementor-element elementor-element-d4bb220 elementor-widget elementor-widget-text-editor\" data-id=\"d4bb220\" data-element_type=\"widget\" data-e-type=\"widget\" data-widget_type=\"text-editor.default\">\n\t\t\t\t<div class=\"elementor-widget-container\">\n\t\t\t\t\t\t\t\t\t<p>Erg\u00e4nzend zu den bekannten Lehrb\u00fcchern und passendem Arbeitsheft bietet <strong>dieses \u00dcbungsbuch<\/strong> eine Vielzahl programmierter Aufgaben und L\u00f6sungen, die den Inhalten zur BQ-Pr\u00fcfung der Wirtschaftsfachwirte abgestimmt sind.<\/p>\t\t\t\t\t\t\t\t<\/div>\n\t\t\t\t<\/div>\n\t\t\t\t\t<\/div>\n\t\t<\/div>\n\t\t\t\t<div class=\"elementor-column elementor-col-50 elementor-inner-column elementor-element elementor-element-5a324d2\" data-id=\"5a324d2\" data-element_type=\"column\" data-e-type=\"column\">\n\t\t\t<div class=\"elementor-widget-wrap elementor-element-populated\">\n\t\t\t\t\t\t<div class=\"elementor-element elementor-element-187ee16 elementor-widget elementor-widget-image\" data-id=\"187ee16\" data-element_type=\"widget\" data-e-type=\"widget\" data-widget_type=\"image.default\">\n\t\t\t\t<div class=\"elementor-widget-container\">\n\t\t\t\t\t\t\t\t\t\t\t\t\t\t\t<img decoding=\"async\" width=\"300\" height=\"239\" src=\"https:\/\/mielnik.info\/main\/wp-content\/uploads\/2022\/01\/VWL-Workbook-300x239.jpg\" class=\"attachment-medium size-medium wp-image-1241\" alt=\"\" srcset=\"https:\/\/mielnik.info\/main\/wp-content\/uploads\/2022\/01\/VWL-Workbook-300x239.jpg 300w, https:\/\/mielnik.info\/main\/wp-content\/uploads\/2022\/01\/VWL-Workbook-1024x817.jpg 1024w, https:\/\/mielnik.info\/main\/wp-content\/uploads\/2022\/01\/VWL-Workbook-768x612.jpg 768w, https:\/\/mielnik.info\/main\/wp-content\/uploads\/2022\/01\/VWL-Workbook.jpg 1239w\" sizes=\"(max-width: 300px) 100vw, 300px\" \/>\t\t\t\t\t\t\t\t\t\t\t\t\t\t\t<\/div>\n\t\t\t\t<\/div>\n\t\t\t\t\t<\/div>\n\t\t<\/div>\n\t\t\t\t\t<\/div>\n\t\t<\/section>\n\t\t\t\t\t<\/div>\n\t\t<\/div>\n\t\t\t\t\t<\/div>\n\t\t<\/section>\n\t\t\t\t<\/div>\n\t\t","protected":false},"excerpt":{"rendered":"<p>Erg\u00e4nzend zu den bekannten Lehrb\u00fcchern und passendem Arbeitsheft bietet dieses \u00dcbungsbuch eine Vielzahl programmierter Aufgaben und L\u00f6sungen, die den Inhalten zur BWH Pr\u00fcfung der Industriemeister abgestimmt sind. Erg\u00e4nzend zu den bekannten Lehrb\u00fcchern und passendem Arbeitsheft bietet dieses \u00dcbungsbuch eine Vielzahl programmierter Aufgaben und L\u00f6sungen, die den Inhalten zur BQ-Pr\u00fcfung der Wirtschaftsfachwirte abgestimmt sind. Erg\u00e4nzend zu [&hellip;]<\/p>\n","protected":false},"author":1,"featured_media":0,"parent":0,"menu_order":0,"comment_status":"closed","ping_status":"closed","template":"","meta":{"ocean_post_layout":"","ocean_both_sidebars_style":"","ocean_both_sidebars_content_width":0,"ocean_both_sidebars_sidebars_width":0,"ocean_sidebar":"0","ocean_second_sidebar":"0","ocean_disable_margins":"enable","ocean_add_body_class":"","ocean_shortcode_before_top_bar":"","ocean_shortcode_after_top_bar":"","ocean_shortcode_before_header":"","ocean_shortcode_after_header":"","ocean_has_shortcode":"","ocean_shortcode_after_title":"","ocean_shortcode_before_footer_widgets":"","ocean_shortcode_after_footer_widgets":"","ocean_shortcode_before_footer_bottom":"","ocean_shortcode_after_footer_bottom":"","ocean_display_top_bar":"default","ocean_display_header":"default","ocean_header_style":"","ocean_center_header_left_menu":"0","ocean_custom_header_template":"0","ocean_custom_logo":0,"ocean_custom_retina_logo":0,"ocean_custom_logo_max_width":0,"ocean_custom_logo_tablet_max_width":0,"ocean_custom_logo_mobile_max_width":0,"ocean_custom_logo_max_height":0,"ocean_custom_logo_tablet_max_height":0,"ocean_custom_logo_mobile_max_height":0,"ocean_header_custom_menu":"0","ocean_menu_typo_font_family":"0","ocean_menu_typo_font_subset":"","ocean_menu_typo_font_size":0,"ocean_menu_typo_font_size_tablet":0,"ocean_menu_typo_font_size_mobile":0,"ocean_menu_typo_font_size_unit":"px","ocean_menu_typo_font_weight":"","ocean_menu_typo_font_weight_tablet":"","ocean_menu_typo_font_weight_mobile":"","ocean_menu_typo_transform":"","ocean_menu_typo_transform_tablet":"","ocean_menu_typo_transform_mobile":"","ocean_menu_typo_line_height":0,"ocean_menu_typo_line_height_tablet":0,"ocean_menu_typo_line_height_mobile":0,"ocean_menu_typo_line_height_unit":"","ocean_menu_typo_spacing":0,"ocean_menu_typo_spacing_tablet":0,"ocean_menu_typo_spacing_mobile":0,"ocean_menu_typo_spacing_unit":"","ocean_menu_link_color":"","ocean_menu_link_color_hover":"","ocean_menu_link_color_active":"","ocean_menu_link_background":"","ocean_menu_link_hover_background":"","ocean_menu_link_active_background":"","ocean_menu_social_links_bg":"","ocean_menu_social_hover_links_bg":"","ocean_menu_social_links_color":"","ocean_menu_social_hover_links_color":"","ocean_disable_title":"default","ocean_disable_heading":"default","ocean_post_title":"","ocean_post_subheading":"","ocean_post_title_style":"","ocean_post_title_background_color":"","ocean_post_title_background":0,"ocean_post_title_bg_image_position":"","ocean_post_title_bg_image_attachment":"","ocean_post_title_bg_image_repeat":"","ocean_post_title_bg_image_size":"","ocean_post_title_height":0,"ocean_post_title_bg_overlay":0.5,"ocean_post_title_bg_overlay_color":"","ocean_disable_breadcrumbs":"default","ocean_breadcrumbs_color":"","ocean_breadcrumbs_separator_color":"","ocean_breadcrumbs_links_color":"","ocean_breadcrumbs_links_hover_color":"","ocean_display_footer_widgets":"default","ocean_display_footer_bottom":"default","ocean_custom_footer_template":"0","footnotes":""},"class_list":["post-1211","page","type-page","status-publish","hentry","entry"],"_links":{"self":[{"href":"https:\/\/mielnik.info\/main\/index.php\/wp-json\/wp\/v2\/pages\/1211","targetHints":{"allow":["GET"]}}],"collection":[{"href":"https:\/\/mielnik.info\/main\/index.php\/wp-json\/wp\/v2\/pages"}],"about":[{"href":"https:\/\/mielnik.info\/main\/index.php\/wp-json\/wp\/v2\/types\/page"}],"author":[{"embeddable":true,"href":"https:\/\/mielnik.info\/main\/index.php\/wp-json\/wp\/v2\/users\/1"}],"replies":[{"embeddable":true,"href":"https:\/\/mielnik.info\/main\/index.php\/wp-json\/wp\/v2\/comments?post=1211"}],"version-history":[{"count":16,"href":"https:\/\/mielnik.info\/main\/index.php\/wp-json\/wp\/v2\/pages\/1211\/revisions"}],"predecessor-version":[{"id":1527,"href":"https:\/\/mielnik.info\/main\/index.php\/wp-json\/wp\/v2\/pages\/1211\/revisions\/1527"}],"wp:attachment":[{"href":"https:\/\/mielnik.info\/main\/index.php\/wp-json\/wp\/v2\/media?parent=1211"}],"curies":[{"name":"wp","href":"https:\/\/api.w.org\/{rel}","templated":true}]}}