{"id":845,"date":"2021-12-28T21:16:20","date_gmt":"2021-12-28T21:16:20","guid":{"rendered":"https:\/\/mielnik.info\/main\/?page_id=845"},"modified":"2021-12-31T00:12:31","modified_gmt":"2021-12-31T00:12:31","slug":"projektunterstuetzung","status":"publish","type":"page","link":"https:\/\/mielnik.info\/main\/index.php\/startseite\/projektunterstuetzung\/","title":{"rendered":"Projektunterst\u00fctzung"},"content":{"rendered":"\t\t<div data-elementor-type=\"wp-page\" data-elementor-id=\"845\" class=\"elementor elementor-845\">\n\t\t\t\t\t\t<section class=\"elementor-section elementor-top-section elementor-element elementor-element-c60f85c elementor-section-boxed elementor-section-height-default elementor-section-height-default\" data-id=\"c60f85c\" data-element_type=\"section\" data-e-type=\"section\">\n\t\t\t\t\t\t<div class=\"elementor-container elementor-column-gap-default\">\n\t\t\t\t\t<div class=\"elementor-column elementor-col-100 elementor-top-column elementor-element elementor-element-38082576\" data-id=\"38082576\" data-element_type=\"column\" data-e-type=\"column\">\n\t\t\t<div class=\"elementor-widget-wrap elementor-element-populated\">\n\t\t\t\t\t\t<div class=\"elementor-element elementor-element-732c839 elementor-invisible elementor-widget elementor-widget-heading\" data-id=\"732c839\" data-element_type=\"widget\" data-e-type=\"widget\" data-settings=\"{&quot;_animation&quot;:&quot;fadeInUp&quot;,&quot;_animation_delay&quot;:500}\" data-widget_type=\"heading.default\">\n\t\t\t\t<div class=\"elementor-widget-container\">\n\t\t\t\t\t<h2 class=\"elementor-heading-title elementor-size-default\">\u201eEin Klavier, ein Klavier - Mutter wir danken Dir!\u201c<\/h2>\t\t\t\t<\/div>\n\t\t\t\t<\/div>\n\t\t\t\t<section class=\"elementor-section elementor-inner-section elementor-element elementor-element-453c3d4 elementor-section-boxed elementor-section-height-default elementor-section-height-default\" data-id=\"453c3d4\" data-element_type=\"section\" data-e-type=\"section\">\n\t\t\t\t\t\t<div class=\"elementor-container elementor-column-gap-default\">\n\t\t\t\t\t<div class=\"elementor-column elementor-col-50 elementor-inner-column elementor-element elementor-element-034665a\" data-id=\"034665a\" data-element_type=\"column\" data-e-type=\"column\">\n\t\t\t<div class=\"elementor-widget-wrap elementor-element-populated\">\n\t\t\t\t\t\t<div class=\"elementor-element elementor-element-0d7e865 elementor-widget elementor-widget-text-editor\" data-id=\"0d7e865\" data-element_type=\"widget\" data-e-type=\"widget\" data-widget_type=\"text-editor.default\">\n\t\t\t\t<div class=\"elementor-widget-container\">\n\t\t\t\t\t\t\t\t\t<p>Kennen Sie diesen Sketch von Loriot?<\/p>\n<p>Es gibt ein klares Konzept, eigentlich ist alles ordentlich durchdacht und trotzdem endet es im Chaos?<\/p>\n<p>\u00c4hnlichkeiten zu manchen Projekten sind nicht zuf\u00e4llig, denn es gibt analog zum Sketch identische Mechanismen, die das Projekt scheitern lassen.<\/p>\n<p>Das Beispiel von Loriot haben wir nicht einfach aus Lust am Humor gew\u00e4hlt, sondern weil Loriot ein Meister im Aufdecken von Kommunikationsst\u00f6rungen ist. Meist sind es Kommunikationsst\u00f6rungen, die bereits in der Entwicklung eines Projektes die Grundsteine f\u00fcr ein Scheitern legen.<\/p>\t\t\t\t\t\t\t\t<\/div>\n\t\t\t\t<\/div>\n\t\t\t\t\t<\/div>\n\t\t<\/div>\n\t\t\t\t<div class=\"elementor-column elementor-col-50 elementor-inner-column elementor-element elementor-element-22cceac\" data-id=\"22cceac\" data-element_type=\"column\" data-e-type=\"column\">\n\t\t\t<div class=\"elementor-widget-wrap elementor-element-populated\">\n\t\t\t\t\t\t<div class=\"elementor-element elementor-element-e4ff88a elementor-invisible elementor-widget elementor-widget-image\" data-id=\"e4ff88a\" data-element_type=\"widget\" data-e-type=\"widget\" data-settings=\"{&quot;_animation&quot;:&quot;fadeIn&quot;}\" data-widget_type=\"image.default\">\n\t\t\t\t<div class=\"elementor-widget-container\">\n\t\t\t\t\t\t\t\t\t\t\t\t\t\t\t<img decoding=\"async\" src=\"https:\/\/mielnik.info\/main\/wp-content\/uploads\/elementor\/thumbs\/Bild028-piapznl97yy5dt8ntu7n48701nk7os25b1a7b7d4cw.jpg\" title=\"Bild028\" alt=\"Bild028\" loading=\"lazy\" \/>\t\t\t\t\t\t\t\t\t\t\t\t\t\t\t<\/div>\n\t\t\t\t<\/div>\n\t\t\t\t\t<\/div>\n\t\t<\/div>\n\t\t\t\t\t<\/div>\n\t\t<\/section>\n\t\t\t\t<div class=\"elementor-element elementor-element-13ea8e0 elementor-widget elementor-widget-text-editor\" data-id=\"13ea8e0\" data-element_type=\"widget\" data-e-type=\"widget\" data-widget_type=\"text-editor.default\">\n\t\t\t\t<div class=\"elementor-widget-container\">\n\t\t\t\t\t\t\t\t\t<p><\/p>\n<p><strong>Viele unserer Kunden haben \u00c4hnliches vor unseren Eins\u00e4tzen erlebt:<\/strong><\/p>\n<p>Das Management hat eine tolle Idee, die es gilt technisch umzusetzen. Das Technische-Team, hat die Idee aber nicht begriffen und legt daher v\u00f6llig andere Schwerpunkte. Die Meldung des Technischen-Teams, dass man bereits zu 90% fertig sei, f\u00fchrt zu erheblichen Irritationen beim Management, wo doch noch nicht ein Teil des Projektes ohne Fehler funktioniert. Es m\u00fcssten doch eigentlich bereits 90% der L\u00f6sung funktionieren!<br \/>Ist das so, oder folgt die Irritation aus der Tatsache, dass jemand eine Kommunikationsst\u00f6rung wahrnimmt?<\/p>\n<p><strong>Wir sorgen daf\u00fcr, dass es zu deutlich weniger Kommunikationsst\u00f6rungen bei der Projektplanung kommt!<\/strong><\/p>\n<p>Wir unterst\u00fctzen Sie hier als der \u201eneutrale Dritte\u201c mit einem anderen Blick auf das Projekt.<br \/>Sie erhalten kompetente Beratung bereits in der Anfangsphase und k\u00f6nnen so fr\u00fchzeitig erkennen, ob der gedachte Plan zum Ziel passt.<br \/>Wir helfen Ihnen bereits fr\u00fchzeitig nach der Initiierungssphase w\u00e4hrend der Erstellung des Pflichten und Lastenheftes, in dem wir die notwendige Medienkompetenz mit Ihnen entwickeln und die Kommunikationswege fixen.<br \/>Ihr Projektmanager hat die M\u00f6glichkeit, sich w\u00e4hrend des Projektes coachen zu lassen und bekommt so eine zus\u00e4tzliche Erfolgssicherheit.<\/p>\n<p><\/p>\t\t\t\t\t\t\t\t<\/div>\n\t\t\t\t<\/div>\n\t\t\t\t\t<\/div>\n\t\t<\/div>\n\t\t\t\t\t<\/div>\n\t\t<\/section>\n\t\t\t\t<\/div>\n\t\t","protected":false},"excerpt":{"rendered":"<p>\u201eEin Klavier, ein Klavier &#8211; Mutter wir danken Dir!\u201c Kennen Sie diesen Sketch von Loriot? Es gibt ein klares Konzept, eigentlich ist alles ordentlich durchdacht und trotzdem endet es im Chaos? \u00c4hnlichkeiten zu manchen Projekten sind nicht zuf\u00e4llig, denn es gibt analog zum Sketch identische Mechanismen, die das Projekt scheitern lassen. Das Beispiel von Loriot [&hellip;]<\/p>\n","protected":false},"author":1,"featured_media":0,"parent":831,"menu_order":0,"comment_status":"closed","ping_status":"closed","template":"","meta":{"ocean_post_layout":"","ocean_both_sidebars_style":"","ocean_both_sidebars_content_width":0,"ocean_both_sidebars_sidebars_width":0,"ocean_sidebar":"0","ocean_second_sidebar":"0","ocean_disable_margins":"enable","ocean_add_body_class":"","ocean_shortcode_before_top_bar":"","ocean_shortcode_after_top_bar":"","ocean_shortcode_before_header":"","ocean_shortcode_after_header":"","ocean_has_shortcode":"","ocean_shortcode_after_title":"","ocean_shortcode_before_footer_widgets":"","ocean_shortcode_after_footer_widgets":"","ocean_shortcode_before_footer_bottom":"","ocean_shortcode_after_footer_bottom":"","ocean_display_top_bar":"default","ocean_display_header":"default","ocean_header_style":"","ocean_center_header_left_menu":"0","ocean_custom_header_template":"0","ocean_custom_logo":0,"ocean_custom_retina_logo":0,"ocean_custom_logo_max_width":0,"ocean_custom_logo_tablet_max_width":0,"ocean_custom_logo_mobile_max_width":0,"ocean_custom_logo_max_height":0,"ocean_custom_logo_tablet_max_height":0,"ocean_custom_logo_mobile_max_height":0,"ocean_header_custom_menu":"0","ocean_menu_typo_font_family":"0","ocean_menu_typo_font_subset":"","ocean_menu_typo_font_size":0,"ocean_menu_typo_font_size_tablet":0,"ocean_menu_typo_font_size_mobile":0,"ocean_menu_typo_font_size_unit":"px","ocean_menu_typo_font_weight":"","ocean_menu_typo_font_weight_tablet":"","ocean_menu_typo_font_weight_mobile":"","ocean_menu_typo_transform":"","ocean_menu_typo_transform_tablet":"","ocean_menu_typo_transform_mobile":"","ocean_menu_typo_line_height":0,"ocean_menu_typo_line_height_tablet":0,"ocean_menu_typo_line_height_mobile":0,"ocean_menu_typo_line_height_unit":"","ocean_menu_typo_spacing":0,"ocean_menu_typo_spacing_tablet":0,"ocean_menu_typo_spacing_mobile":0,"ocean_menu_typo_spacing_unit":"","ocean_menu_link_color":"","ocean_menu_link_color_hover":"","ocean_menu_link_color_active":"","ocean_menu_link_background":"","ocean_menu_link_hover_background":"","ocean_menu_link_active_background":"","ocean_menu_social_links_bg":"","ocean_menu_social_hover_links_bg":"","ocean_menu_social_links_color":"","ocean_menu_social_hover_links_color":"","ocean_disable_title":"default","ocean_disable_heading":"default","ocean_post_title":"","ocean_post_subheading":"","ocean_post_title_style":"","ocean_post_title_background_color":"","ocean_post_title_background":0,"ocean_post_title_bg_image_position":"","ocean_post_title_bg_image_attachment":"","ocean_post_title_bg_image_repeat":"","ocean_post_title_bg_image_size":"","ocean_post_title_height":0,"ocean_post_title_bg_overlay":0.5,"ocean_post_title_bg_overlay_color":"","ocean_disable_breadcrumbs":"default","ocean_breadcrumbs_color":"","ocean_breadcrumbs_separator_color":"","ocean_breadcrumbs_links_color":"","ocean_breadcrumbs_links_hover_color":"","ocean_display_footer_widgets":"default","ocean_display_footer_bottom":"default","ocean_custom_footer_template":"0","footnotes":""},"class_list":["post-845","page","type-page","status-publish","hentry","entry"],"_links":{"self":[{"href":"https:\/\/mielnik.info\/main\/index.php\/wp-json\/wp\/v2\/pages\/845","targetHints":{"allow":["GET"]}}],"collection":[{"href":"https:\/\/mielnik.info\/main\/index.php\/wp-json\/wp\/v2\/pages"}],"about":[{"href":"https:\/\/mielnik.info\/main\/index.php\/wp-json\/wp\/v2\/types\/page"}],"author":[{"embeddable":true,"href":"https:\/\/mielnik.info\/main\/index.php\/wp-json\/wp\/v2\/users\/1"}],"replies":[{"embeddable":true,"href":"https:\/\/mielnik.info\/main\/index.php\/wp-json\/wp\/v2\/comments?post=845"}],"version-history":[{"count":20,"href":"https:\/\/mielnik.info\/main\/index.php\/wp-json\/wp\/v2\/pages\/845\/revisions"}],"predecessor-version":[{"id":1150,"href":"https:\/\/mielnik.info\/main\/index.php\/wp-json\/wp\/v2\/pages\/845\/revisions\/1150"}],"up":[{"embeddable":true,"href":"https:\/\/mielnik.info\/main\/index.php\/wp-json\/wp\/v2\/pages\/831"}],"wp:attachment":[{"href":"https:\/\/mielnik.info\/main\/index.php\/wp-json\/wp\/v2\/media?parent=845"}],"curies":[{"name":"wp","href":"https:\/\/api.w.org\/{rel}","templated":true}]}}