{"id":852,"date":"2021-12-28T21:21:48","date_gmt":"2021-12-28T21:21:48","guid":{"rendered":"https:\/\/mielnik.info\/main\/?page_id=852"},"modified":"2021-12-31T00:32:34","modified_gmt":"2021-12-31T00:32:34","slug":"personalentwicklung","status":"publish","type":"page","link":"https:\/\/mielnik.info\/main\/index.php\/startseite\/personalentwicklung\/","title":{"rendered":"Personalentwicklung"},"content":{"rendered":"\t\t<div data-elementor-type=\"wp-page\" data-elementor-id=\"852\" class=\"elementor elementor-852\">\n\t\t\t\t\t\t<section class=\"elementor-section elementor-top-section elementor-element elementor-element-ff011cf elementor-section-boxed elementor-section-height-default elementor-section-height-default\" data-id=\"ff011cf\" data-element_type=\"section\" data-e-type=\"section\">\n\t\t\t\t\t\t<div class=\"elementor-container elementor-column-gap-default\">\n\t\t\t\t\t<div class=\"elementor-column elementor-col-100 elementor-top-column elementor-element elementor-element-1e23f096\" data-id=\"1e23f096\" data-element_type=\"column\" data-e-type=\"column\">\n\t\t\t<div class=\"elementor-widget-wrap elementor-element-populated\">\n\t\t\t\t\t\t<div class=\"elementor-element elementor-element-a05a3ec elementor-invisible elementor-widget elementor-widget-heading\" data-id=\"a05a3ec\" data-element_type=\"widget\" data-e-type=\"widget\" data-settings=\"{&quot;_animation&quot;:&quot;fadeInUp&quot;,&quot;_animation_delay&quot;:500}\" data-widget_type=\"heading.default\">\n\t\t\t\t<div class=\"elementor-widget-container\">\n\t\t\t\t\t<h2 class=\"elementor-heading-title elementor-size-default\"> Spezielle Trainingsprogramme von mielnik.info\u200b<\/h2>\t\t\t\t<\/div>\n\t\t\t\t<\/div>\n\t\t\t\t<section class=\"elementor-section elementor-inner-section elementor-element elementor-element-3edd45a elementor-section-boxed elementor-section-height-default elementor-section-height-default\" data-id=\"3edd45a\" data-element_type=\"section\" data-e-type=\"section\">\n\t\t\t\t\t\t<div class=\"elementor-container elementor-column-gap-default\">\n\t\t\t\t\t<div class=\"elementor-column elementor-col-50 elementor-inner-column elementor-element elementor-element-a87e60a\" data-id=\"a87e60a\" data-element_type=\"column\" data-e-type=\"column\">\n\t\t\t<div class=\"elementor-widget-wrap elementor-element-populated\">\n\t\t\t\t\t\t<div class=\"elementor-element elementor-element-ccdfcc0 elementor-widget elementor-widget-text-editor\" data-id=\"ccdfcc0\" data-element_type=\"widget\" data-e-type=\"widget\" data-widget_type=\"text-editor.default\">\n\t\t\t\t<div class=\"elementor-widget-container\">\n\t\t\t\t\t\t\t\t\t<p>\u201cSeminare und Trainings sind viel zu allgemein, als dass sie f\u00fcr unsere speziellen Aufgaben L\u00f6sungen bieten k\u00f6nnten! Und massgeschneiderte Programme sind zu teuer oder m\u00fcssen durch eigene Mitarbeiter erstellt werden!\u201d Aus diesem Grund sind <strong>mielnik.info<\/strong> \u2013Trainingsprogramme modular aufgebaut und k\u00f6nnen mit relativ geringem Aufwand unternehmensspezifisch gestaltet werden. Sie \u201cpassen \u201dwie massgeschneidert und erfordern doch nur den Aufwand von \u201cMasskonfektion \u201d. Die professionelle Vorgehensweise von <strong>mielnik.info<\/strong> schafft daf\u00fcr die Voraussetzungen:<\/p>\n<p><em><br>Erster Schritt: <\/em><strong>mielnik.info<\/strong> \u2013Workshop<br><strong>\u2022 <\/strong>wird mit einer repr\u00e4sentativen Auswahl zuk\u00fcnftiger Trainings-Teilnehmer und der F\u00fchrungskr\u00e4fte durchgef\u00fchrt. Methoden-Leitsatz: \u201cAus Betroffenen Beteiligte machen!\u201d<\/p>\t\t\t\t\t\t\t\t<\/div>\n\t\t\t\t<\/div>\n\t\t\t\t\t<\/div>\n\t\t<\/div>\n\t\t\t\t<div class=\"elementor-column elementor-col-50 elementor-inner-column elementor-element elementor-element-443c53d\" data-id=\"443c53d\" data-element_type=\"column\" data-e-type=\"column\">\n\t\t\t<div class=\"elementor-widget-wrap elementor-element-populated\">\n\t\t\t\t\t\t<div class=\"elementor-element elementor-element-87007f3 elementor-widget elementor-widget-image\" data-id=\"87007f3\" data-element_type=\"widget\" data-e-type=\"widget\" data-widget_type=\"image.default\">\n\t\t\t\t<div class=\"elementor-widget-container\">\n\t\t\t\t\t\t\t\t\t\t\t\t\t\t\t<img decoding=\"async\" src=\"https:\/\/mielnik.info\/main\/wp-content\/uploads\/elementor\/thumbs\/Bild020-piar9x79i0efk20lx4hp2t8ygjk7bhtkyt6qhhradc.jpg\" title=\"Bild020\" alt=\"Bild020\" loading=\"lazy\" \/>\t\t\t\t\t\t\t\t\t\t\t\t\t\t\t<\/div>\n\t\t\t\t<\/div>\n\t\t\t\t\t<\/div>\n\t\t<\/div>\n\t\t\t\t\t<\/div>\n\t\t<\/section>\n\t\t\t\t<div class=\"elementor-element elementor-element-a07f988 elementor-widget elementor-widget-text-editor\" data-id=\"a07f988\" data-element_type=\"widget\" data-e-type=\"widget\" data-widget_type=\"text-editor.default\">\n\t\t\t\t<div class=\"elementor-widget-container\">\n\t\t\t\t\t\t\t\t\t<p><em>Zweiter Schritt:<\/em> <strong>mielnik.info<\/strong> \u2013Interview<br \/><strong>\u2022 <\/strong>ermittelt die Sachverhalte und unternehmensspezifischen Inhalte f\u00fcr die Gestaltung \u201cmasskonfektionierter \u201dTrainings.<\/p><p>Methoden-Leitsatz: Fragen, Verstehen, Gestalten.<br \/><em><br \/>Dritter Schritt: <\/em><strong>mielnik.info<\/strong> \u2013Praxisbeobachtung\/Feldbegleitung<br \/><strong>\u2022 <\/strong>gibt dem <strong>mielnik.info<\/strong>-Trainer die M\u00f6glichkeit, die Arbeitsmethodik und das realistische Szenario am POS pr\u00e4zise zu erfassen,strukturelle und individuelle Schwachstellen zu erkennen und mit dem Trainingsprogramm L\u00f6sungswege zu pr\u00e4sentieren.<\/p><p>Methoden-Leitsatz: <strong>mielnik.info<\/strong>-Trainer als \u201cManager auf Zeit (MAZ)\u201d<em><br \/><\/em><\/p>\t\t\t\t\t\t\t\t<\/div>\n\t\t\t\t<\/div>\n\t\t\t\t<section class=\"elementor-section elementor-inner-section elementor-element elementor-element-607b046 elementor-section-boxed elementor-section-height-default elementor-section-height-default\" data-id=\"607b046\" data-element_type=\"section\" data-e-type=\"section\">\n\t\t\t\t\t\t<div class=\"elementor-container elementor-column-gap-default\">\n\t\t\t\t\t<div class=\"elementor-column elementor-col-50 elementor-inner-column elementor-element elementor-element-e7f7d7b\" data-id=\"e7f7d7b\" data-element_type=\"column\" data-e-type=\"column\">\n\t\t\t<div class=\"elementor-widget-wrap elementor-element-populated\">\n\t\t\t\t\t\t<div class=\"elementor-element elementor-element-de52f74 elementor-widget elementor-widget-text-editor\" data-id=\"de52f74\" data-element_type=\"widget\" data-e-type=\"widget\" data-widget_type=\"text-editor.default\">\n\t\t\t\t<div class=\"elementor-widget-container\">\n\t\t\t\t\t\t\t\t\t<p><em>Vierter Schritt:<\/em><strong> mielnik.info<\/strong> \u2013Trainingskonzept<br \/><strong>\u2022 <\/strong>wird aufgrund der unternehmensspezifischen Vorgaben sowie des in den Interviews und der Praxisbeobachtung\/Feldbegleitung erarbeiteten Materials inhaltlich so ausgestaltet, dass alle Trainingsteilnehmer durch realistische und praxisnahe Szenarien L\u00f6sungen f\u00fcr ihre individuellen Aufgabenstellungen erhalten.<\/p><p>Vor Trainingsbeginn werden alle von <strong>mielnik.info<\/strong> erarbeiteten Inhalte vom Kunden gepr\u00fcft und erst nach abschliessender Genehmigung erstellt.<\/p><p>Methoden-Leitsatz: Kritisch pr\u00fcfen, Ausbildungsinvestition sichern!<\/p><p>Auf Kundenwunsch unterzieht<strong> mielnik.info<\/strong> das gesamte Konzept einem Testlauf:<\/p>\t\t\t\t\t\t\t\t<\/div>\n\t\t\t\t<\/div>\n\t\t\t\t\t<\/div>\n\t\t<\/div>\n\t\t\t\t<div class=\"elementor-column elementor-col-50 elementor-inner-column elementor-element elementor-element-43bb209\" data-id=\"43bb209\" data-element_type=\"column\" data-e-type=\"column\">\n\t\t\t<div class=\"elementor-widget-wrap elementor-element-populated\">\n\t\t\t\t\t\t<div class=\"elementor-element elementor-element-51b7e3f elementor-widget elementor-widget-image\" data-id=\"51b7e3f\" data-element_type=\"widget\" data-e-type=\"widget\" data-widget_type=\"image.default\">\n\t\t\t\t<div class=\"elementor-widget-container\">\n\t\t\t\t\t\t\t\t\t\t\t\t\t\t\t<img decoding=\"async\" src=\"https:\/\/mielnik.info\/main\/wp-content\/uploads\/elementor\/thumbs\/Bild017-piar9w9etmusrvq71h7l2qa5lrdv5g81bcwbcu7s5c.jpg\" title=\"Bild017\" alt=\"Bild017\" loading=\"lazy\" \/>\t\t\t\t\t\t\t\t\t\t\t\t\t\t\t<\/div>\n\t\t\t\t<\/div>\n\t\t\t\t\t<\/div>\n\t\t<\/div>\n\t\t\t\t\t<\/div>\n\t\t<\/section>\n\t\t\t\t<div class=\"elementor-element elementor-element-710f085 elementor-widget elementor-widget-text-editor\" data-id=\"710f085\" data-element_type=\"widget\" data-e-type=\"widget\" data-widget_type=\"text-editor.default\">\n\t\t\t\t<div class=\"elementor-widget-container\">\n\t\t\t\t\t\t\t\t\t<p><em>F\u00fcnfter Schritt: <\/em><strong>mielnik.info<\/strong> \u2013Validation-Workshop<br \/><strong>\u2022 <\/strong>stellt sicher, dass das inhaltliche Konzept und die tats\u00e4chliche Ausgestaltung der Trainings die speziellen W\u00fcnsche und Anforderungen der Unternehmensf\u00fchrung und der betroffenen Mitarbeiter erf\u00fcllt und m\u00f6glicherweise noch vorhandene kritische Punkte im Testlauf rechtzeitig erkannt und beseitigt werden.Dieser Schritt empfiehlt sich vor allem dann,wenn die AusbiIdungsinvestition von mittel-und langfristiger Perspektive ist.<\/p><p>Methoden-Leitsatz: Fr\u00fcher Test vermeidet (zu) sp\u00e4te Korrektur \u2013 Investitionssicherung!<\/p><p><strong>mielnik.info<\/strong> misst den eigenen Erfolg am Erfolg seiner Kunden. Die Investition in <strong>mielnik.info<\/strong> \u2013Trainings soll deshalb dazu beitragen,dass mielnik.info \u2013Kunden mehr neue Kunden gewinnen und\/oder halten, sowie der Umsatz mit vorhandenen Kunden w\u00e4chst!<\/p>\t\t\t\t\t\t\t\t<\/div>\n\t\t\t\t<\/div>\n\t\t\t\t\t<\/div>\n\t\t<\/div>\n\t\t\t\t\t<\/div>\n\t\t<\/section>\n\t\t\t\t<\/div>\n\t\t","protected":false},"excerpt":{"rendered":"<p>Spezielle Trainingsprogramme von mielnik.info\u200b \u201cSeminare und Trainings sind viel zu allgemein, als dass sie f\u00fcr unsere speziellen Aufgaben L\u00f6sungen bieten k\u00f6nnten! Und massgeschneiderte Programme sind zu teuer oder m\u00fcssen durch eigene Mitarbeiter erstellt werden!\u201d Aus diesem Grund sind mielnik.info \u2013Trainingsprogramme modular aufgebaut und k\u00f6nnen mit relativ geringem Aufwand unternehmensspezifisch gestaltet werden. Sie \u201cpassen \u201dwie massgeschneidert [&hellip;]<\/p>\n","protected":false},"author":1,"featured_media":0,"parent":831,"menu_order":0,"comment_status":"closed","ping_status":"closed","template":"","meta":{"ocean_post_layout":"","ocean_both_sidebars_style":"","ocean_both_sidebars_content_width":0,"ocean_both_sidebars_sidebars_width":0,"ocean_sidebar":"0","ocean_second_sidebar":"0","ocean_disable_margins":"enable","ocean_add_body_class":"","ocean_shortcode_before_top_bar":"","ocean_shortcode_after_top_bar":"","ocean_shortcode_before_header":"","ocean_shortcode_after_header":"","ocean_has_shortcode":"","ocean_shortcode_after_title":"","ocean_shortcode_before_footer_widgets":"","ocean_shortcode_after_footer_widgets":"","ocean_shortcode_before_footer_bottom":"","ocean_shortcode_after_footer_bottom":"","ocean_display_top_bar":"default","ocean_display_header":"default","ocean_header_style":"","ocean_center_header_left_menu":"0","ocean_custom_header_template":"0","ocean_custom_logo":0,"ocean_custom_retina_logo":0,"ocean_custom_logo_max_width":0,"ocean_custom_logo_tablet_max_width":0,"ocean_custom_logo_mobile_max_width":0,"ocean_custom_logo_max_height":0,"ocean_custom_logo_tablet_max_height":0,"ocean_custom_logo_mobile_max_height":0,"ocean_header_custom_menu":"0","ocean_menu_typo_font_family":"0","ocean_menu_typo_font_subset":"","ocean_menu_typo_font_size":0,"ocean_menu_typo_font_size_tablet":0,"ocean_menu_typo_font_size_mobile":0,"ocean_menu_typo_font_size_unit":"px","ocean_menu_typo_font_weight":"","ocean_menu_typo_font_weight_tablet":"","ocean_menu_typo_font_weight_mobile":"","ocean_menu_typo_transform":"","ocean_menu_typo_transform_tablet":"","ocean_menu_typo_transform_mobile":"","ocean_menu_typo_line_height":0,"ocean_menu_typo_line_height_tablet":0,"ocean_menu_typo_line_height_mobile":0,"ocean_menu_typo_line_height_unit":"","ocean_menu_typo_spacing":0,"ocean_menu_typo_spacing_tablet":0,"ocean_menu_typo_spacing_mobile":0,"ocean_menu_typo_spacing_unit":"","ocean_menu_link_color":"","ocean_menu_link_color_hover":"","ocean_menu_link_color_active":"","ocean_menu_link_background":"","ocean_menu_link_hover_background":"","ocean_menu_link_active_background":"","ocean_menu_social_links_bg":"","ocean_menu_social_hover_links_bg":"","ocean_menu_social_links_color":"","ocean_menu_social_hover_links_color":"","ocean_disable_title":"default","ocean_disable_heading":"default","ocean_post_title":"","ocean_post_subheading":"","ocean_post_title_style":"","ocean_post_title_background_color":"","ocean_post_title_background":0,"ocean_post_title_bg_image_position":"","ocean_post_title_bg_image_attachment":"","ocean_post_title_bg_image_repeat":"","ocean_post_title_bg_image_size":"","ocean_post_title_height":0,"ocean_post_title_bg_overlay":0.5,"ocean_post_title_bg_overlay_color":"","ocean_disable_breadcrumbs":"default","ocean_breadcrumbs_color":"","ocean_breadcrumbs_separator_color":"","ocean_breadcrumbs_links_color":"","ocean_breadcrumbs_links_hover_color":"","ocean_display_footer_widgets":"default","ocean_display_footer_bottom":"default","ocean_custom_footer_template":"0","footnotes":""},"class_list":["post-852","page","type-page","status-publish","hentry","entry"],"_links":{"self":[{"href":"https:\/\/mielnik.info\/main\/index.php\/wp-json\/wp\/v2\/pages\/852","targetHints":{"allow":["GET"]}}],"collection":[{"href":"https:\/\/mielnik.info\/main\/index.php\/wp-json\/wp\/v2\/pages"}],"about":[{"href":"https:\/\/mielnik.info\/main\/index.php\/wp-json\/wp\/v2\/types\/page"}],"author":[{"embeddable":true,"href":"https:\/\/mielnik.info\/main\/index.php\/wp-json\/wp\/v2\/users\/1"}],"replies":[{"embeddable":true,"href":"https:\/\/mielnik.info\/main\/index.php\/wp-json\/wp\/v2\/comments?post=852"}],"version-history":[{"count":26,"href":"https:\/\/mielnik.info\/main\/index.php\/wp-json\/wp\/v2\/pages\/852\/revisions"}],"predecessor-version":[{"id":1159,"href":"https:\/\/mielnik.info\/main\/index.php\/wp-json\/wp\/v2\/pages\/852\/revisions\/1159"}],"up":[{"embeddable":true,"href":"https:\/\/mielnik.info\/main\/index.php\/wp-json\/wp\/v2\/pages\/831"}],"wp:attachment":[{"href":"https:\/\/mielnik.info\/main\/index.php\/wp-json\/wp\/v2\/media?parent=852"}],"curies":[{"name":"wp","href":"https:\/\/api.w.org\/{rel}","templated":true}]}}